{"id":48,"date":"2020-04-20T18:13:46","date_gmt":"2020-04-20T16:13:46","guid":{"rendered":"https:\/\/ichblick.at\/?page_id=48"},"modified":"2020-06-10T15:33:02","modified_gmt":"2020-06-10T13:33:02","slug":"familien-u-erziehungsberatung","status":"publish","type":"page","link":"https:\/\/ichblick.at\/index.php\/angebot\/familien-u-erziehungsberatung\/","title":{"rendered":"Familien u. Erziehungsberatung"},"content":{"rendered":"<div id=\"pl-48\"  class=\"panel-layout\" ><div id=\"pg-48-0\"  class=\"panel-grid panel-no-style\" ><div id=\"pgc-48-0-0\"  class=\"panel-grid-cell\" ><div id=\"panel-48-0-0-0\" class=\"so-panel widget widget_headline-widget panel-first-child\" data-index=\"0\" >\t\t<h1>Familien u. Erziehungsberatung<\/h1>\n\t\t<div class=\"decoration\"><div class=\"decoration-inside\"><\/div><\/div>\n\t\t<h3><\/h3>\n\t\t<\/div><div id=\"panel-48-0-0-1\" class=\"so-panel widget widget_sow-editor panel-last-child\" data-index=\"1\" ><div\n\t\t\t\n\t\t\tclass=\"so-widget-sow-editor so-widget-sow-editor-base\"\n\t\t\t\n\t\t>\n<div class=\"siteorigin-widget-tinymce textwidget\">\n\t<p>Ich unterst\u00fctze Sie gerne in Familienangelegenheiten, bei Erziehungsfragen und Konflikten l\u00f6sungsorientiert sowie bei Gespr\u00e4chen zwischen den Generationen.<\/p>\n<h3><\/h3>\n<h3 style=\"text-align: center;\">Vorrang f\u00fcr das Kindeswohl!<\/h3>\n<h3 style=\"text-align: center;\">Im Bundeskanzleramt eingetragene Expertin f\u00fcr Elternberatung vor einvernehmlicher Scheidung<br \/>\n\u00a795 Abs. 1a Au\u00dfStrG.<\/h3>\n<p>Beratung gem\u00e4\u00df diesen Vorgaben - \u00fcber die spezifischen aus der Scheidung resultierenden Bed\u00fcrfnisse Ihrer minderj\u00e4hrigen Kinder.<\/p>\n<p>Im Anschluss der Beratung erhalten Sie eine Teilnahmebest\u00e4tigung, die Sie dem Gericht vorlegen m\u00fcssen.<\/p>\n<\/div>\n<\/div><\/div><\/div><div id=\"pgc-48-0-1\"  class=\"panel-grid-cell\" ><div id=\"panel-48-0-1-0\" class=\"so-panel widget widget_sow-image panel-first-child\" data-index=\"2\" ><div\n\t\t\t\n\t\t\tclass=\"so-widget-sow-image so-widget-sow-image-default-c67d20f9f743-48\"\n\t\t\t\n\t\t>\n\n<div class=\"sow-image-container\">\n\t\t<img src=\"https:\/\/ichblick.at\/wp-content\/uploads\/2020\/04\/Familien-und-Erziehungsberatung-Traismauer-Dorothea-Maurer-286x300.png\" width=\"286\" height=\"300\" srcset=\"https:\/\/ichblick.at\/wp-content\/uploads\/2020\/04\/Familien-und-Erziehungsberatung-Traismauer-Dorothea-Maurer-286x300.png 286w, https:\/\/ichblick.at\/wp-content\/uploads\/2020\/04\/Familien-und-Erziehungsberatung-Traismauer-Dorothea-Maurer.png 495w\" sizes=\"(max-width: 286px) 100vw, 286px\" alt=\"\" loading=\"lazy\" \t\tclass=\"so-widget-image\"\/>\n\t<\/div>\n\n<\/div><\/div><div id=\"panel-48-0-1-1\" class=\"so-panel widget widget_sow-editor panel-last-child\" data-index=\"3\" ><div\n\t\t\t\n\t\t\tclass=\"so-widget-sow-editor so-widget-sow-editor-base\"\n\t\t\t\n\t\t>\n<div class=\"siteorigin-widget-tinymce textwidget\">\n\t<p style=\"text-align: center;\"><em>\"Kinder sind G\u00e4ste die nach dem Weg fragen\"<\/em><\/p>\n<p style=\"text-align: center;\"><em>(Maria Montessori)<\/em><\/p>\n<\/div>\n<\/div><\/div><\/div><\/div><\/div>","protected":false},"excerpt":{"rendered":"<p>Ich unterst\u00fctze Sie gerne in Familienangelegenheiten, bei Erziehungsfragen und Konflikten l\u00f6sungsorientiert sowie bei Gespr\u00e4chen zwischen den Generationen. Vorrang f\u00fcr das Kindeswohl! Im Bundeskanzleramt eingetragene Expertin f\u00fcr Elternberatung vor einvernehmlicher Scheidung \u00a795 Abs. 1a Au\u00dfStrG. Beratung gem\u00e4\u00df diesen Vorgaben &#8211; \u00fcber die spezifischen aus der Scheidung resultierenden Bed\u00fcrfnisse Ihrer minderj\u00e4hrigen Kinder. Im Anschluss der Beratung erhalten [&hellip;]<\/p>\n","protected":false},"author":1,"featured_media":0,"parent":30,"menu_order":0,"comment_status":"closed","ping_status":"closed","template":"templates\/template-full-notitle.php","meta":{"footnotes":""},"aioseo_notices":[],"_links":{"self":[{"href":"https:\/\/ichblick.at\/index.php\/wp-json\/wp\/v2\/pages\/48"}],"collection":[{"href":"https:\/\/ichblick.at\/index.php\/wp-json\/wp\/v2\/pages"}],"about":[{"href":"https:\/\/ichblick.at\/index.php\/wp-json\/wp\/v2\/types\/page"}],"author":[{"embeddable":true,"href":"https:\/\/ichblick.at\/index.php\/wp-json\/wp\/v2\/users\/1"}],"replies":[{"embeddable":true,"href":"https:\/\/ichblick.at\/index.php\/wp-json\/wp\/v2\/comments?post=48"}],"version-history":[{"count":28,"href":"https:\/\/ichblick.at\/index.php\/wp-json\/wp\/v2\/pages\/48\/revisions"}],"predecessor-version":[{"id":382,"href":"https:\/\/ichblick.at\/index.php\/wp-json\/wp\/v2\/pages\/48\/revisions\/382"}],"up":[{"embeddable":true,"href":"https:\/\/ichblick.at\/index.php\/wp-json\/wp\/v2\/pages\/30"}],"wp:attachment":[{"href":"https:\/\/ichblick.at\/index.php\/wp-json\/wp\/v2\/media?parent=48"}],"curies":[{"name":"wp","href":"https:\/\/api.w.org\/{rel}","templated":true}]}}