{"id":259,"date":"2020-05-07T17:19:43","date_gmt":"2020-05-07T15:19:43","guid":{"rendered":"https:\/\/ichblick.at\/?page_id=259"},"modified":"2020-05-07T18:06:14","modified_gmt":"2020-05-07T16:06:14","slug":"online-beratung","status":"publish","type":"page","link":"https:\/\/ichblick.at\/index.php\/angebot\/online-beratung\/","title":{"rendered":"Online Beratung"},"content":{"rendered":"<div id=\"pl-259\"  class=\"panel-layout\" ><div id=\"pg-259-0\"  class=\"panel-grid panel-no-style\" ><div id=\"pgc-259-0-0\"  class=\"panel-grid-cell\" ><div id=\"panel-259-0-0-0\" class=\"so-panel widget widget_headline-widget panel-first-child\" data-index=\"0\" >\t\t<h1>Online Beratung<\/h1>\n\t\t<div class=\"decoration\"><div class=\"decoration-inside\"><\/div><\/div>\n\t\t<h3><\/h3>\n\t\t<\/div><div id=\"panel-259-0-0-1\" class=\"so-panel widget widget_sow-editor panel-last-child\" data-index=\"1\" ><div\n\t\t\t\n\t\t\tclass=\"so-widget-sow-editor so-widget-sow-editor-base\"\n\t\t\t\n\t\t>\n<div class=\"siteorigin-widget-tinymce textwidget\">\n\t<p style=\"text-align: center;\">als psychologische Serviceleistung<\/p>\n<ul>\n<li>ohne lange Wartezeit<\/li>\n<li>zeitlich flexibel<\/li>\n<li>bequem &amp; unkompliziert<\/li>\n<li>vertraulich &amp; sicher<\/li>\n<\/ul>\n<h3>F\u00fcr Menschen<\/h3>\n<ul>\n<li>mit dringlichen Themen<\/li>\n<li>denen der Weg in eine Praxis nicht m\u00f6glich ist<\/li>\n<li>die ihre Zeiteinteilung optimieren m\u00f6chten<\/li>\n<li>mit dem Wunsch nach Anonymit\u00e4t<\/li>\n<\/ul>\n<h3>Psychologische Onlineberatung kann<\/h3>\n<ul>\n<li>gedankliches Chaos strukturieren<\/li>\n<li>Erleichterung verschaffen<\/li>\n<li>L\u00f6sungswege sichtbar werden lassen<\/li>\n<li>Sie bis zu ihrem Ziel begleiten<\/li>\n<\/ul>\n<\/div>\n<\/div><\/div><\/div><div id=\"pgc-259-0-1\"  class=\"panel-grid-cell\" ><div id=\"panel-259-0-1-0\" class=\"so-panel widget widget_sow-image panel-first-child panel-last-child\" data-index=\"2\" ><div\n\t\t\t\n\t\t\tclass=\"so-widget-sow-image so-widget-sow-image-default-8b5b6f678277-259\"\n\t\t\t\n\t\t>\n\n<div class=\"sow-image-container\">\n\t\t<img src=\"https:\/\/ichblick.at\/wp-content\/uploads\/2020\/05\/Psychologische-Beratung-Online.jpg\" width=\"600\" height=\"600\" srcset=\"https:\/\/ichblick.at\/wp-content\/uploads\/2020\/05\/Psychologische-Beratung-Online.jpg 600w, https:\/\/ichblick.at\/wp-content\/uploads\/2020\/05\/Psychologische-Beratung-Online-300x300.jpg 300w, https:\/\/ichblick.at\/wp-content\/uploads\/2020\/05\/Psychologische-Beratung-Online-150x150.jpg 150w\" sizes=\"(max-width: 600px) 100vw, 600px\" title=\"Psychologische Beratung Online\" alt=\"\" loading=\"lazy\" \t\tclass=\"so-widget-image\"\/>\n\t<\/div>\n\n<\/div><\/div><\/div><\/div><\/div>","protected":false},"excerpt":{"rendered":"<p>als psychologische Serviceleistung ohne lange Wartezeit zeitlich flexibel bequem &amp; unkompliziert vertraulich &amp; sicher F\u00fcr Menschen mit dringlichen Themen denen der Weg in eine Praxis nicht m\u00f6glich ist die ihre Zeiteinteilung optimieren m\u00f6chten mit dem Wunsch nach Anonymit\u00e4t Psychologische Onlineberatung kann gedankliches Chaos strukturieren Erleichterung verschaffen L\u00f6sungswege sichtbar werden lassen Sie bis zu ihrem Ziel [&hellip;]<\/p>\n","protected":false},"author":1,"featured_media":0,"parent":30,"menu_order":0,"comment_status":"closed","ping_status":"closed","template":"templates\/template-full-notitle.php","meta":{"footnotes":""},"aioseo_notices":[],"_links":{"self":[{"href":"https:\/\/ichblick.at\/index.php\/wp-json\/wp\/v2\/pages\/259"}],"collection":[{"href":"https:\/\/ichblick.at\/index.php\/wp-json\/wp\/v2\/pages"}],"about":[{"href":"https:\/\/ichblick.at\/index.php\/wp-json\/wp\/v2\/types\/page"}],"author":[{"embeddable":true,"href":"https:\/\/ichblick.at\/index.php\/wp-json\/wp\/v2\/users\/1"}],"replies":[{"embeddable":true,"href":"https:\/\/ichblick.at\/index.php\/wp-json\/wp\/v2\/comments?post=259"}],"version-history":[{"count":17,"href":"https:\/\/ichblick.at\/index.php\/wp-json\/wp\/v2\/pages\/259\/revisions"}],"predecessor-version":[{"id":286,"href":"https:\/\/ichblick.at\/index.php\/wp-json\/wp\/v2\/pages\/259\/revisions\/286"}],"up":[{"embeddable":true,"href":"https:\/\/ichblick.at\/index.php\/wp-json\/wp\/v2\/pages\/30"}],"wp:attachment":[{"href":"https:\/\/ichblick.at\/index.php\/wp-json\/wp\/v2\/media?parent=259"}],"curies":[{"name":"wp","href":"https:\/\/api.w.org\/{rel}","templated":true}]}}