{"id":20,"date":"2020-04-20T17:54:58","date_gmt":"2020-04-20T15:54:58","guid":{"rendered":"https:\/\/ichblick.at\/?page_id=20"},"modified":"2020-06-10T15:42:28","modified_gmt":"2020-06-10T13:42:28","slug":"start","status":"publish","type":"page","link":"https:\/\/ichblick.at\/","title":{"rendered":"Start"},"content":{"rendered":"<div id=\"pl-20\"  class=\"panel-layout\" ><div id=\"pg-20-0\"  class=\"panel-grid panel-no-style\" ><div id=\"pgc-20-0-0\"  class=\"panel-grid-cell\" ><div id=\"panel-20-0-0-0\" class=\"so-panel widget widget_sow-image panel-first-child panel-last-child\" data-index=\"0\" ><div\n\t\t\t\n\t\t\tclass=\"so-widget-sow-image so-widget-sow-image-default-8b5b6f678277-20\"\n\t\t\t\n\t\t>\n\n<div class=\"sow-image-container\">\n\t\t<img src=\"https:\/\/ichblick.at\/wp-content\/uploads\/2020\/05\/startbild-webseite-psychologische-beratung-dorothea-maurer-v3.jpg\" width=\"1259\" height=\"800\" srcset=\"https:\/\/ichblick.at\/wp-content\/uploads\/2020\/05\/startbild-webseite-psychologische-beratung-dorothea-maurer-v3.jpg 1259w, https:\/\/ichblick.at\/wp-content\/uploads\/2020\/05\/startbild-webseite-psychologische-beratung-dorothea-maurer-v3-300x191.jpg 300w, https:\/\/ichblick.at\/wp-content\/uploads\/2020\/05\/startbild-webseite-psychologische-beratung-dorothea-maurer-v3-1024x651.jpg 1024w, https:\/\/ichblick.at\/wp-content\/uploads\/2020\/05\/startbild-webseite-psychologische-beratung-dorothea-maurer-v3-768x488.jpg 768w\" sizes=\"(max-width: 1259px) 100vw, 1259px\" alt=\"\" loading=\"lazy\" \t\tclass=\"so-widget-image\"\/>\n\t<\/div>\n\n<\/div><\/div><\/div><\/div><div id=\"pg-20-1\"  class=\"panel-grid panel-no-style\" ><div id=\"pgc-20-1-0\"  class=\"panel-grid-cell\" ><div id=\"panel-20-1-0-0\" class=\"so-panel widget widget_sow-editor panel-first-child panel-last-child\" data-index=\"1\" ><div class=\"panel-widget-style panel-widget-style-for-20-1-0-0\" ><div\n\t\t\t\n\t\t\tclass=\"so-widget-sow-editor so-widget-sow-editor-base\"\n\t\t\t\n\t\t>\n<div class=\"siteorigin-widget-tinymce textwidget\">\n\t<h3><strong>Professionen<\/strong><\/h3>\n<ul>\n<li>Ak. psychosoziale Beraterin und LSB (Donauuniversit\u00e4t Krems)<\/li>\n<li>Bundeskanzleramt-Listung\/Expertin f. Elternberatung gem.\u00a795 1a Au\u00dfStrG.<\/li>\n<li>F\u00fchrungskr\u00e4fteausbildung (N\u00f6lag)<\/li>\n<li>Horse Assisted Coach (WKO Zertifiziert)<\/li>\n<li>P\u00e4dagogin<\/li>\n<li>Best Ager<\/li>\n<\/ul>\n<\/div>\n<\/div><\/div><\/div><\/div><div id=\"pgc-20-1-1\"  class=\"panel-grid-cell\" ><div id=\"panel-20-1-1-0\" class=\"so-panel widget widget_sow-image panel-first-child panel-last-child\" data-index=\"2\" ><div\n\t\t\t\n\t\t\tclass=\"so-widget-sow-image so-widget-sow-image-default-8b5b6f678277-20\"\n\t\t\t\n\t\t>\n\n<div class=\"sow-image-container\">\n\t\t<img src=\"https:\/\/ichblick.at\/wp-content\/uploads\/2020\/04\/Psychologische-Beratung-Traismauer-Dorothea-Maurer-web.jpg\" width=\"800\" height=\"534\" srcset=\"https:\/\/ichblick.at\/wp-content\/uploads\/2020\/04\/Psychologische-Beratung-Traismauer-Dorothea-Maurer-web.jpg 800w, https:\/\/ichblick.at\/wp-content\/uploads\/2020\/04\/Psychologische-Beratung-Traismauer-Dorothea-Maurer-web-300x200.jpg 300w, https:\/\/ichblick.at\/wp-content\/uploads\/2020\/04\/Psychologische-Beratung-Traismauer-Dorothea-Maurer-web-768x513.jpg 768w, https:\/\/ichblick.at\/wp-content\/uploads\/2020\/04\/Psychologische-Beratung-Traismauer-Dorothea-Maurer-web-272x182.jpg 272w\" sizes=\"(max-width: 800px) 100vw, 800px\" title=\"Psychologische Beratung Traismauer Dorothea Maurer-web\" alt=\"\" loading=\"lazy\" \t\tclass=\"so-widget-image\"\/>\n\t<\/div>\n\n<\/div><\/div><\/div><\/div><div id=\"pg-20-2\"  class=\"panel-grid panel-no-style\" ><div id=\"pgc-20-2-0\"  class=\"panel-grid-cell\" ><div id=\"panel-20-2-0-0\" class=\"so-panel widget widget_sow-editor panel-first-child panel-last-child\" data-index=\"3\" ><div class=\"panel-widget-style panel-widget-style-for-20-2-0-0\" ><div\n\t\t\t\n\t\t\tclass=\"so-widget-sow-editor so-widget-sow-editor-base\"\n\t\t\t\n\t\t>\n<div class=\"siteorigin-widget-tinymce textwidget\">\n\t<p>&nbsp;<\/p>\n<p style=\"text-align: center;\"><a href=\"https:\/\/ichblick.at\/index.php\/angebot\/psychologische-beratung\/\">Psychologische Beratung<\/a><\/p>\n<\/div>\n<\/div><\/div><\/div><\/div><div id=\"pgc-20-2-1\"  class=\"panel-grid-cell\" ><div id=\"panel-20-2-1-0\" class=\"so-panel widget widget_sow-editor panel-first-child panel-last-child\" data-index=\"4\" ><div class=\"panel-widget-style panel-widget-style-for-20-2-1-0\" ><div\n\t\t\t\n\t\t\tclass=\"so-widget-sow-editor so-widget-sow-editor-base\"\n\t\t\t\n\t\t>\n<div class=\"siteorigin-widget-tinymce textwidget\">\n\t<p>&nbsp;<\/p>\n<p style=\"text-align: center;\"><a href=\"https:\/\/ichblick.at\/index.php\/angebot\/online-beratung\/\">Online Beratung<\/a><\/p>\n<\/div>\n<\/div><\/div><\/div><\/div><div id=\"pgc-20-2-2\"  class=\"panel-grid-cell\" ><div id=\"panel-20-2-2-0\" class=\"so-panel widget widget_sow-editor panel-first-child panel-last-child\" data-index=\"5\" ><div class=\"panel-widget-style panel-widget-style-for-20-2-2-0\" ><div\n\t\t\t\n\t\t\tclass=\"so-widget-sow-editor so-widget-sow-editor-base\"\n\t\t\t\n\t\t>\n<div class=\"siteorigin-widget-tinymce textwidget\">\n\t<p style=\"text-align: center;\"><a href=\"https:\/\/ichblick.at\/index.php\/angebot\/familien-u-erziehungsberatung\/\">Familien, Erziehungs u. Elternberatung vor <\/a><br \/>\n<a href=\"https:\/\/ichblick.at\/index.php\/angebot\/familien-u-erziehungsberatung\/\">einvernehmlicher Scheidung<\/a><\/p>\n<p style=\"text-align: center;\"><a href=\"https:\/\/ichblick.at\/index.php\/angebot\/familien-u-erziehungsberatung\/\">gem. \u00a795 Abs.1a Au\u00dfStrG.<\/a><\/p>\n<\/div>\n<\/div><\/div><\/div><\/div><div id=\"pgc-20-2-3\"  class=\"panel-grid-cell\" ><div id=\"panel-20-2-3-0\" class=\"so-panel widget widget_sow-editor panel-first-child panel-last-child\" data-index=\"6\" ><div class=\"panel-widget-style panel-widget-style-for-20-2-3-0\" ><div\n\t\t\t\n\t\t\tclass=\"so-widget-sow-editor so-widget-sow-editor-base\"\n\t\t\t\n\t\t>\n<div class=\"siteorigin-widget-tinymce textwidget\">\n\t<p>&nbsp;<\/p>\n<p style=\"text-align: center;\"><a href=\"https:\/\/ichblick.at\/index.php\/angebot\/supervision\/\">Supervision<\/a><\/p>\n<\/div>\n<\/div><\/div><\/div><\/div><div id=\"pgc-20-2-4\"  class=\"panel-grid-cell\" ><div id=\"panel-20-2-4-0\" class=\"so-panel widget widget_sow-editor panel-first-child panel-last-child\" data-index=\"7\" ><div class=\"panel-widget-style panel-widget-style-for-20-2-4-0\" ><div\n\t\t\t\n\t\t\tclass=\"so-widget-sow-editor so-widget-sow-editor-base\"\n\t\t\t\n\t\t>\n<div class=\"siteorigin-widget-tinymce textwidget\">\n\t<p>&nbsp;<\/p>\n<p style=\"text-align: center;\"><a href=\"https:\/\/ichblick.at\/index.php\/angebot\/teambuilding\/\">Teambuilding<\/a><\/p>\n<\/div>\n<\/div><\/div><\/div><\/div><div id=\"pgc-20-2-5\"  class=\"panel-grid-cell\" ><div id=\"panel-20-2-5-0\" class=\"so-panel widget widget_sow-editor panel-first-child panel-last-child\" data-index=\"8\" ><div class=\"panel-widget-style panel-widget-style-for-20-2-5-0\" ><div\n\t\t\t\n\t\t\tclass=\"so-widget-sow-editor so-widget-sow-editor-base\"\n\t\t\t\n\t\t>\n<div class=\"siteorigin-widget-tinymce textwidget\">\n\t<p>&nbsp;<\/p>\n<p style=\"text-align: center;\"><a href=\"https:\/\/ichblick.at\/index.php\/angebot\/coaching\/\">Coaching<\/a><\/p>\n<\/div>\n<\/div><\/div><\/div><\/div><\/div><div id=\"pg-20-3\"  class=\"panel-grid panel-no-style\" ><div id=\"pgc-20-3-0\"  class=\"panel-grid-cell\" ><div id=\"panel-20-3-0-0\" class=\"so-panel widget widget_media_video panel-first-child panel-last-child\" data-index=\"9\" ><div style=\"width:100%;\" class=\"wp-video\"><!--[if lt IE 9]><script>document.createElement('video');<\/script><![endif]-->\n<video class=\"wp-video-shortcode\" id=\"video-20-1\" preload=\"metadata\" controls=\"controls\"><source type=\"video\/mp4\" src=\"https:\/\/ichblick.at\/wp-content\/uploads\/2020\/04\/Psychologische-Beratung-Dorothea-Maurer.mp4?_=1\" \/><source type=\"video\/mp4\" src=\"https:\/\/ichblick.at\/wp-content\/uploads\/2020\/04\/Psychologische-Beratung-Dorothea-Maurer.mp4?_=1\" \/><a href=\"https:\/\/ichblick.at\/wp-content\/uploads\/2020\/04\/Psychologische-Beratung-Dorothea-Maurer.mp4\">https:\/\/ichblick.at\/wp-content\/uploads\/2020\/04\/Psychologische-Beratung-Dorothea-Maurer.mp4<\/a><\/video><\/div><\/div><\/div><\/div><div id=\"pg-20-4\"  class=\"panel-grid panel-no-style\" ><div id=\"pgc-20-4-0\"  class=\"panel-grid-cell\" ><div id=\"panel-20-4-0-0\" class=\"so-panel widget widget_sow-editor panel-first-child panel-last-child\" data-index=\"10\" ><div\n\t\t\t\n\t\t\tclass=\"so-widget-sow-editor so-widget-sow-editor-base\"\n\t\t\t\n\t\t>\n<div class=\"siteorigin-widget-tinymce textwidget\">\n\t<h2 style=\"text-align: center;\"><b>Psychologische Beratung <\/b><b>ist hilfreich bei<br \/>\n<\/b><\/h2>\n<\/div>\n<\/div><\/div><\/div><\/div><div id=\"pg-20-5\"  class=\"panel-grid panel-no-style\" ><div id=\"pgc-20-5-0\"  class=\"panel-grid-cell\" ><div id=\"panel-20-5-0-0\" class=\"so-panel widget widget_sow-editor panel-first-child panel-last-child\" data-index=\"11\" ><div class=\"panel-widget-style panel-widget-style-for-20-5-0-0\" ><div\n\t\t\t\n\t\t\tclass=\"so-widget-sow-editor so-widget-sow-editor-base\"\n\t\t\t\n\t\t>\n<div class=\"siteorigin-widget-tinymce textwidget\">\n\t<h2 style=\"text-align: center;\"><strong>Krisensituationen <\/strong><\/h2>\n<p style=\"text-align: center;\">\u00a0Angst, Krankheit, Scheidung, Mobbing<\/p>\n<\/div>\n<\/div><\/div><\/div><\/div><div id=\"pgc-20-5-1\"  class=\"panel-grid-cell\" ><div id=\"panel-20-5-1-0\" class=\"so-panel widget widget_sow-editor panel-first-child panel-last-child\" data-index=\"12\" ><div class=\"panel-widget-style panel-widget-style-for-20-5-1-0\" ><div\n\t\t\t\n\t\t\tclass=\"so-widget-sow-editor so-widget-sow-editor-base\"\n\t\t\t\n\t\t>\n<div class=\"siteorigin-widget-tinymce textwidget\">\n\t<h2 style=\"text-align: center;\"><b>Ver\u00e4nderung<\/b><\/h2>\n<p>&nbsp;<\/p>\n<\/div>\n<\/div><\/div><\/div><\/div><div id=\"pgc-20-5-2\"  class=\"panel-grid-cell\" ><div id=\"panel-20-5-2-0\" class=\"so-panel widget widget_sow-editor panel-first-child panel-last-child\" data-index=\"13\" ><div class=\"panel-widget-style panel-widget-style-for-20-5-2-0\" ><div\n\t\t\t\n\t\t\tclass=\"so-widget-sow-editor so-widget-sow-editor-base\"\n\t\t\t\n\t\t>\n<div class=\"siteorigin-widget-tinymce textwidget\">\n\t<h2 style=\"text-align: center;\"><b>Neuorientierung<\/b><\/h2>\n<p>&nbsp;<\/p>\n<\/div>\n<\/div><\/div><\/div><\/div><\/div><div id=\"pg-20-6\"  class=\"panel-grid panel-no-style\" ><div id=\"pgc-20-6-0\"  class=\"panel-grid-cell\" ><div id=\"panel-20-6-0-0\" class=\"so-panel widget widget_sow-editor panel-first-child panel-last-child\" data-index=\"14\" ><div\n\t\t\t\n\t\t\tclass=\"so-widget-sow-editor so-widget-sow-editor-base\"\n\t\t\t\n\t\t>\n<div class=\"siteorigin-widget-tinymce textwidget\">\n\t<p style=\"text-align: center;\"><strong>\u201eLebens\u00fcberg\u00e4nge sind keine Krankheiten!\u201c<\/strong><\/p>\n<\/div>\n<\/div><\/div><\/div><\/div><\/div>","protected":false},"excerpt":{"rendered":"<p>Professionen Ak. psychosoziale Beraterin und LSB (Donauuniversit\u00e4t Krems) Bundeskanzleramt-Listung\/Expertin f. Elternberatung gem.\u00a795 1a Au\u00dfStrG. F\u00fchrungskr\u00e4fteausbildung (N\u00f6lag) Horse Assisted Coach (WKO Zertifiziert) P\u00e4dagogin Best Ager<\/p>\n","protected":false},"author":1,"featured_media":0,"parent":0,"menu_order":0,"comment_status":"closed","ping_status":"closed","template":"templates\/template-full-notitle.php","meta":{"footnotes":""},"aioseo_notices":[],"_links":{"self":[{"href":"https:\/\/ichblick.at\/index.php\/wp-json\/wp\/v2\/pages\/20"}],"collection":[{"href":"https:\/\/ichblick.at\/index.php\/wp-json\/wp\/v2\/pages"}],"about":[{"href":"https:\/\/ichblick.at\/index.php\/wp-json\/wp\/v2\/types\/page"}],"author":[{"embeddable":true,"href":"https:\/\/ichblick.at\/index.php\/wp-json\/wp\/v2\/users\/1"}],"replies":[{"embeddable":true,"href":"https:\/\/ichblick.at\/index.php\/wp-json\/wp\/v2\/comments?post=20"}],"version-history":[{"count":66,"href":"https:\/\/ichblick.at\/index.php\/wp-json\/wp\/v2\/pages\/20\/revisions"}],"predecessor-version":[{"id":384,"href":"https:\/\/ichblick.at\/index.php\/wp-json\/wp\/v2\/pages\/20\/revisions\/384"}],"wp:attachment":[{"href":"https:\/\/ichblick.at\/index.php\/wp-json\/wp\/v2\/media?parent=20"}],"curies":[{"name":"wp","href":"https:\/\/api.w.org\/{rel}","templated":true}]}}