{"id":140,"date":"2020-04-22T14:53:02","date_gmt":"2020-04-22T12:53:02","guid":{"rendered":"https:\/\/ichblick.at\/?page_id=140"},"modified":"2020-06-12T09:42:25","modified_gmt":"2020-06-12T07:42:25","slug":"infos-kosten","status":"publish","type":"page","link":"https:\/\/ichblick.at\/index.php\/infos-kosten\/","title":{"rendered":"Infos &#038; Kosten"},"content":{"rendered":"<div id=\"pl-140\"  class=\"panel-layout\" ><div id=\"pg-140-0\"  class=\"panel-grid panel-no-style\" ><div id=\"pgc-140-0-0\"  class=\"panel-grid-cell\" ><div id=\"panel-140-0-0-0\" class=\"so-panel widget widget_headline-widget panel-first-child\" data-index=\"0\" >\t\t<h1>Info &amp; Kosten<\/h1>\n\t\t<div class=\"decoration\"><div class=\"decoration-inside\"><\/div><\/div>\n\t\t<h3><\/h3>\n\t\t<\/div><div id=\"panel-140-0-0-1\" class=\"so-panel widget widget_sow-editor panel-last-child\" data-index=\"1\" ><div\n\t\t\t\n\t\t\tclass=\"so-widget-sow-editor so-widget-sow-editor-base\"\n\t\t\t\n\t\t>\n<div class=\"siteorigin-widget-tinymce textwidget\">\n\t<p>Im Rahmen der derzeitigen Krankenkassenregelung besteht <i>keine<\/i> M\u00f6glichkeit eine Refundierung zu erhalten.<\/p>\n<p><b>Vorteile von privat bezahlter psychologischer Beratungsleistung:<\/b><\/p>\n<ul>\n<li><b>Kein \u201eAufscheinen\u201c dass Sie psychologische Hilfe in Anspruch nehmen<\/b><\/li>\n<li><b>Freie Wahl ihrer pers\u00f6nlichen <\/b><b>BeraterIn<\/b><\/li>\n<li><b>Verk\u00fcrzte Wartezeiten bei Terminvergaben gegen\u00fcber -\u00a0 Wartezeit\/Kassenplatz<\/b><\/li>\n<\/ul>\n<p>Die Preise orientieren sich marktkonform - sind fair, sie verstehen sich <em><strong>inclusive<\/strong><\/em> gesetzlicher administrativer Verpflichtungen, -\u00a0 sie variieren je nach in Anspruch genommener Leistung (en), Einheiten (50\/60\/90 Minuten) und dem gew\u00e4hlten Rahmen (Setting)<\/p>\n<p>Einzel - Paar - Familien - Team - Gruppe - Walk and Talk<\/p>\n<ul>\n<li><b>Das Erstgespr\u00e4ch am Telefon ist gratis und dient der Auftragskl\u00e4rung<\/b><\/li>\n<li><strong><em>Buchungen mit Pferd wie z.B. f\u00fcr \"Walk and Talk\" u. HAC = Aufpreis<\/em><\/strong><\/li>\n<\/ul>\n<\/div>\n<\/div><\/div><\/div><div id=\"pgc-140-0-1\"  class=\"panel-grid-cell\" ><div id=\"panel-140-0-1-0\" class=\"so-panel widget widget_sow-image panel-first-child panel-last-child\" data-index=\"2\" ><div\n\t\t\t\n\t\t\tclass=\"so-widget-sow-image so-widget-sow-image-default-8b5b6f678277-140\"\n\t\t\t\n\t\t>\n\n<div class=\"sow-image-container\">\n\t\t<img src=\"https:\/\/ichblick.at\/wp-content\/uploads\/2020\/04\/Kosten-Psychologische-Bertung-Dorothea-Maurer-Traismauer-Krems.jpg\" width=\"600\" height=\"407\" srcset=\"https:\/\/ichblick.at\/wp-content\/uploads\/2020\/04\/Kosten-Psychologische-Bertung-Dorothea-Maurer-Traismauer-Krems.jpg 600w, https:\/\/ichblick.at\/wp-content\/uploads\/2020\/04\/Kosten-Psychologische-Bertung-Dorothea-Maurer-Traismauer-Krems-300x204.jpg 300w\" sizes=\"(max-width: 600px) 100vw, 600px\" title=\"Kosten Psychologische Bertung &#8211; Dorothea Maurer Traismauer Krems\" alt=\"\" loading=\"lazy\" \t\tclass=\"so-widget-image\"\/>\n\t<\/div>\n\n<\/div><\/div><\/div><\/div><\/div>","protected":false},"excerpt":{"rendered":"<p>Im Rahmen der derzeitigen Krankenkassenregelung besteht keine M\u00f6glichkeit eine Refundierung zu erhalten. Vorteile von privat bezahlter psychologischer Beratungsleistung: Kein \u201eAufscheinen\u201c dass Sie psychologische Hilfe in Anspruch nehmen Freie Wahl ihrer pers\u00f6nlichen BeraterIn Verk\u00fcrzte Wartezeiten bei Terminvergaben gegen\u00fcber &#8211;\u00a0 Wartezeit\/Kassenplatz Die Preise orientieren sich marktkonform &#8211; sind fair, sie verstehen sich inclusive gesetzlicher administrativer Verpflichtungen, &#8211;\u00a0 [&hellip;]<\/p>\n","protected":false},"author":1,"featured_media":0,"parent":0,"menu_order":0,"comment_status":"closed","ping_status":"closed","template":"templates\/template-full-notitle.php","meta":{"footnotes":""},"aioseo_notices":[],"_links":{"self":[{"href":"https:\/\/ichblick.at\/index.php\/wp-json\/wp\/v2\/pages\/140"}],"collection":[{"href":"https:\/\/ichblick.at\/index.php\/wp-json\/wp\/v2\/pages"}],"about":[{"href":"https:\/\/ichblick.at\/index.php\/wp-json\/wp\/v2\/types\/page"}],"author":[{"embeddable":true,"href":"https:\/\/ichblick.at\/index.php\/wp-json\/wp\/v2\/users\/1"}],"replies":[{"embeddable":true,"href":"https:\/\/ichblick.at\/index.php\/wp-json\/wp\/v2\/comments?post=140"}],"version-history":[{"count":14,"href":"https:\/\/ichblick.at\/index.php\/wp-json\/wp\/v2\/pages\/140\/revisions"}],"predecessor-version":[{"id":392,"href":"https:\/\/ichblick.at\/index.php\/wp-json\/wp\/v2\/pages\/140\/revisions\/392"}],"wp:attachment":[{"href":"https:\/\/ichblick.at\/index.php\/wp-json\/wp\/v2\/media?parent=140"}],"curies":[{"name":"wp","href":"https:\/\/api.w.org\/{rel}","templated":true}]}}