{"id":136,"date":"2020-04-22T14:43:06","date_gmt":"2020-04-22T12:43:06","guid":{"rendered":"https:\/\/ichblick.at\/?page_id=136"},"modified":"2020-05-11T19:12:55","modified_gmt":"2020-05-11T17:12:55","slug":"coaching","status":"publish","type":"page","link":"https:\/\/ichblick.at\/index.php\/angebot\/coaching\/","title":{"rendered":"Coaching"},"content":{"rendered":"<div id=\"pl-136\"  class=\"panel-layout\" ><div id=\"pg-136-0\"  class=\"panel-grid panel-no-style\" ><div id=\"pgc-136-0-0\"  class=\"panel-grid-cell\" ><div id=\"panel-136-0-0-0\" class=\"so-panel widget widget_headline-widget panel-first-child\" data-index=\"0\" >\t\t<h1>Coaching<\/h1>\n\t\t<div class=\"decoration\"><div class=\"decoration-inside\"><\/div><\/div>\n\t\t<h3>optional mit Pferd buchbar<\/h3>\n\t\t<\/div><div id=\"panel-136-0-0-1\" class=\"so-panel widget widget_sow-editor panel-last-child\" data-index=\"1\" ><div\n\t\t\t\n\t\t\tclass=\"so-widget-sow-editor so-widget-sow-editor-base\"\n\t\t\t\n\t\t>\n<div class=\"siteorigin-widget-tinymce textwidget\">\n\t<p><b>Coaching<\/b> bedeutet Hilfe zur Selbsthilfe zu geben und ist eine klar strukturierte Beratungsform<\/p>\n<p>f\u00fcr Menschen, welche beruflich oder privat <b>\u201eVom \u2013 Zum\u201c kommen m\u00f6chten<\/b>, sie ist intensiv und l\u00f6sungsorientiert.<\/p>\n<p><b>Pferde<\/b> k\u00f6nnen dabei sehr hilfreich sein <b>\u201eHAC \u2013 Horse Assisted Coaching\u201c <\/b><\/p>\n<p><b>Was ist pferdegest\u00fctztes Coaching?<\/b><\/p>\n<ul>\n<li>HAC findet im Dreieck zwischen Coach, Klient und Pferd statt - dabei wird nicht geritten!<\/li>\n<li>Das Pferd reagiert durch seine Unvoreingenommenheit \u201eunmittelbar\u201c<\/li>\n<li>Spiegelungen werden vom Coach wahrgenommen, verdeutlicht und l\u00f6sungsorientiert mit dem Klienten reflektiert<\/li>\n<li>HAC ist ausnahmslos vom Boden aus!<\/li>\n<\/ul>\n<p><b>Warum sind Pferde dabei unterst\u00fctzend?<\/b><\/p>\n<ul>\n<li>Pferde haben eine besondere Verbindung zum Menschen<\/li>\n<li>Coaching mit Pferden ist ein ganz besonderes \u201eLern\u201c -\u00a0 Erlebnis<\/li>\n<li>Sie reagieren auf den Menschen im Hier und Jetzt<\/li>\n<li>Pferde interpretieren nicht<\/li>\n<li>Themen werden schnell auf den Punkt gebracht<\/li>\n<li>Sie geben Feedback ohne zu verurteilen<\/li>\n<\/ul>\n<\/div>\n<\/div><\/div><\/div><div id=\"pgc-136-0-1\"  class=\"panel-grid-cell\" ><div id=\"panel-136-0-1-0\" class=\"so-panel widget widget_sow-image panel-first-child\" data-index=\"2\" ><div\n\t\t\t\n\t\t\tclass=\"so-widget-sow-image so-widget-sow-image-default-8b5b6f678277-136\"\n\t\t\t\n\t\t>\n\n<div class=\"sow-image-container\">\n\t\t<img src=\"https:\/\/ichblick.at\/wp-content\/uploads\/2020\/04\/Coaching-Traismauer-Dorothea-Maurer-mit-Pferd.jpg\" width=\"600\" height=\"401\" srcset=\"https:\/\/ichblick.at\/wp-content\/uploads\/2020\/04\/Coaching-Traismauer-Dorothea-Maurer-mit-Pferd.jpg 600w, https:\/\/ichblick.at\/wp-content\/uploads\/2020\/04\/Coaching-Traismauer-Dorothea-Maurer-mit-Pferd-300x201.jpg 300w, https:\/\/ichblick.at\/wp-content\/uploads\/2020\/04\/Coaching-Traismauer-Dorothea-Maurer-mit-Pferd-272x182.jpg 272w\" sizes=\"(max-width: 600px) 100vw, 600px\" title=\"Coaching Traismauer Dorothea Maurer mit Pferd\" alt=\"\" loading=\"lazy\" \t\tclass=\"so-widget-image\"\/>\n\t<\/div>\n\n<\/div><\/div><div id=\"panel-136-0-1-1\" class=\"so-panel widget widget_sow-image panel-last-child\" data-index=\"3\" ><div\n\t\t\t\n\t\t\tclass=\"so-widget-sow-image so-widget-sow-image-default-8b5b6f678277-136\"\n\t\t\t\n\t\t>\n\n<div class=\"sow-image-container\">\n\t\t<img src=\"https:\/\/ichblick.at\/wp-content\/uploads\/2020\/05\/Psychologische-Beratung-Dorothea-Maurer-Coaching-1.jpg\" width=\"600\" height=\"401\" srcset=\"https:\/\/ichblick.at\/wp-content\/uploads\/2020\/05\/Psychologische-Beratung-Dorothea-Maurer-Coaching-1.jpg 600w, https:\/\/ichblick.at\/wp-content\/uploads\/2020\/05\/Psychologische-Beratung-Dorothea-Maurer-Coaching-1-300x201.jpg 300w, https:\/\/ichblick.at\/wp-content\/uploads\/2020\/05\/Psychologische-Beratung-Dorothea-Maurer-Coaching-1-272x182.jpg 272w\" sizes=\"(max-width: 600px) 100vw, 600px\" title=\"Psychologische Beratung Dorothea Maurer Coaching\" alt=\"\" loading=\"lazy\" \t\tclass=\"so-widget-image\"\/>\n\t<\/div>\n\n<\/div><\/div><\/div><\/div><\/div>","protected":false},"excerpt":{"rendered":"<p>Coaching bedeutet Hilfe zur Selbsthilfe zu geben und ist eine klar strukturierte Beratungsform f\u00fcr Menschen, welche beruflich oder privat \u201eVom \u2013 Zum\u201c kommen m\u00f6chten, sie ist intensiv und l\u00f6sungsorientiert. Pferde k\u00f6nnen dabei sehr hilfreich sein \u201eHAC \u2013 Horse Assisted Coaching\u201c Was ist pferdegest\u00fctztes Coaching? HAC findet im Dreieck zwischen Coach, Klient und Pferd statt &#8211; [&hellip;]<\/p>\n","protected":false},"author":1,"featured_media":0,"parent":30,"menu_order":0,"comment_status":"closed","ping_status":"closed","template":"templates\/template-full-notitle.php","meta":{"footnotes":""},"aioseo_notices":[],"_links":{"self":[{"href":"https:\/\/ichblick.at\/index.php\/wp-json\/wp\/v2\/pages\/136"}],"collection":[{"href":"https:\/\/ichblick.at\/index.php\/wp-json\/wp\/v2\/pages"}],"about":[{"href":"https:\/\/ichblick.at\/index.php\/wp-json\/wp\/v2\/types\/page"}],"author":[{"embeddable":true,"href":"https:\/\/ichblick.at\/index.php\/wp-json\/wp\/v2\/users\/1"}],"replies":[{"embeddable":true,"href":"https:\/\/ichblick.at\/index.php\/wp-json\/wp\/v2\/comments?post=136"}],"version-history":[{"count":21,"href":"https:\/\/ichblick.at\/index.php\/wp-json\/wp\/v2\/pages\/136\/revisions"}],"predecessor-version":[{"id":360,"href":"https:\/\/ichblick.at\/index.php\/wp-json\/wp\/v2\/pages\/136\/revisions\/360"}],"up":[{"embeddable":true,"href":"https:\/\/ichblick.at\/index.php\/wp-json\/wp\/v2\/pages\/30"}],"wp:attachment":[{"href":"https:\/\/ichblick.at\/index.php\/wp-json\/wp\/v2\/media?parent=136"}],"curies":[{"name":"wp","href":"https:\/\/api.w.org\/{rel}","templated":true}]}}